{"id":467,"date":"2025-07-18T18:39:01","date_gmt":"2025-07-18T18:39:01","guid":{"rendered":"https:\/\/xn--medhjrtaivrden-9hbv.se\/?page_id=467"},"modified":"2025-07-18T18:39:02","modified_gmt":"2025-07-18T18:39:02","slug":"tankar-om-boken","status":"publish","type":"page","link":"https:\/\/xn--medhjrtaivrden-9hbv.se\/?page_id=467","title":{"rendered":"tankar om boken"},"content":{"rendered":"<div class=\"wp-block-image\">\n<figure class=\"alignleft size-full\"><img loading=\"lazy\" decoding=\"async\" width=\"258\" height=\"332\" src=\"https:\/\/xn--medhjrtaivrden-9hbv.se\/wp-content\/uploads\/2024\/04\/Screenshot-2024-04-16-at-19.40.46.png\" alt=\"Screenshot 2024 04 16 At 19.40.46\" class=\"wp-image-301\" srcset=\"https:\/\/xn--medhjrtaivrden-9hbv.se\/wp-content\/uploads\/2024\/04\/Screenshot-2024-04-16-at-19.40.46.png 258w, https:\/\/xn--medhjrtaivrden-9hbv.se\/wp-content\/uploads\/2024\/04\/Screenshot-2024-04-16-at-19.40.46-233x300.png 233w\" sizes=\"auto, (max-width: 258px) 100vw, 258px\" \/><\/figure>\n<\/div>\n\n\n<p class=\"has-text-align-left\">Ja, b\u00f6cker som den h\u00e4r skulle ju aldrig beh\u00f6va skrivas. Det \u00e4r med blandade k\u00e4nslor jag nu sl\u00e4pper ut denna text i v\u00e4rlden. Den har varit under konstruktion i tankev\u00e4rlden under m\u00e5nga \u00e5r, men det rent praktiska arbetet p\u00e5b\u00f6rjades f\u00f6r cirka fem \u00e5r sedan. Det har varit en tuff resa. Om det n\u00e5gonsin skulle s\u00e4ttas en sista punkt, det var det ingen som visste. Nu blir det en <em>sk\u00f6n release.<\/em> Ett avslut.<\/p>\n\n\n\n<p>Det stora med den h\u00e4r boken <em>&#8211; det \u00e4r allt jag inte skrev<\/em>. Det \u00e4r s\u00e5 jag k\u00e4nner. Hoppas det kommer fram mellan raderna. Anledningen att det tog s\u00e5 l\u00e5ng tid berodde delvis p\u00e5 att det var v\u00e4ldigt m\u00e5nga etiska \u00f6verv\u00e4ganden och stor h\u00e4nsyn som beh\u00f6vde tas. Det berodde ocks\u00e5 p\u00e5 att jag beh\u00f6vde den samlade erfarenheten jag har idag <em>&#8211; till dags dato &#8211;<\/em> f\u00f6r att kunna skriva den. Det kan jag ju se f\u00f6rst nu i efterhand.<\/p>\n\n\n\n<p>Det som den h\u00e4r boken handlar om hade kunnat skrivas p\u00e5 m\u00e5nga olika s\u00e4tt. Det har tagit tid att hitta det uppl\u00e4gg som passade mig &#8211; i den h\u00e4r tiden, <em>h\u00e4r och nu<\/em>. Min \u00f6nskan \u00e4r att min ber\u00e4ttelse ska skapa reflektion och begrundan. Jag hoppas att den kan bidra till ett f\u00f6r\u00e4ndringsarbete. M\u00e5ngas ber\u00e4ttelser beh\u00f6vs fr\u00e5n <em>v\u00e5rdarbetare i Sverige idag <\/em>f\u00f6r att vi ska f\u00e5 en r\u00e4ttvis bild av hur situationen ser ut. <\/p>\n\n\n\n<p><em>Jag gav mig sj\u00e4lv m\u00f6jligheten att komma till tals<\/em>, ingen annan. Jag hoppas att fler g\u00f6r det samma.<\/p>\n\n\n\n<p><em>Solinda L\u00f6vstedt, Vadstena 19 Augusti 2023<\/em><\/p>\n\n\n\n<blockquote class=\"wp-block-quote is-layout-flow wp-block-quote-is-layout-flow\">\n<p><em>Jag vill att utmaningarna och p\u00e5frestningarna i v\u00e5r arbetssituation uppm\u00e4rksammas mer.<\/em><\/p>\n<cite>\u2665<\/cite><\/blockquote>\n\n\n\n<blockquote class=\"wp-block-quote is-layout-flow wp-block-quote-is-layout-flow\">\n<p>Det \u00e4r sv\u00e5rt att finna n\u00e5got s\u00e5 mots\u00e4gelsefullt som brutalitet inom v\u00e5rden.<\/p>\n<cite>\u2665<\/cite><\/blockquote>\n\n\n\n<blockquote class=\"wp-block-quote is-layout-flow wp-block-quote-is-layout-flow\">\n<p><em> Vi \u00e4r h\u00e4r f\u00f6r att assistera, v\u00e5rda och st\u00f6dja de som inte l\u00e4ngre klarar sig sj\u00e4lva. Men en kan inte hj\u00e4lpa n\u00e5gon annan om en inte sj\u00e4lv m\u00e5r bra. D\u00e5 har en ingenting att ge. Vi m\u00e5ste fixa det nu. Tiden \u00e4r inne. Hur sv\u00e5rt kan det vara?<\/em><\/p>\n<cite>\u2665<\/cite><\/blockquote>\n\n\n\n<blockquote class=\"wp-block-quote is-layout-flow wp-block-quote-is-layout-flow\">\n<p>Saker h\u00e4nder hela tiden som inte borde ske. Men jag st\u00e5r \u00e4nd\u00e5 d\u00e4r och f\u00f6rs\u00f6ker representera en verksamhet i normaliserad kris.<\/p>\n<cite>\u2665<\/cite><\/blockquote>\n\n\n\n<blockquote class=\"wp-block-quote is-layout-flow wp-block-quote-is-layout-flow\">\n<p class=\"has-text-align-center\"><em>De \u00e4r inte v\u00e4rda n\u00e5gonting. De har gett upp. Den f\u00f6rtr\u00e4ngda sm\u00e4rtan i deras sj\u00e4lar<\/em> <em>har blivit fysisk i deras kroppar. N\u00e4r ska v\u00e5rd- och omsorgsrevolutionen \u00e4ga rum? N\u00e4r ska yrkesstoltheten \u00e5teruppr\u00e4ttas?<\/em><\/p>\n<cite>\u2665<\/cite><\/blockquote>\n\n\n\n<blockquote class=\"wp-block-quote is-layout-flow wp-block-quote-is-layout-flow\">\n<p>Det ska inte hela tiden vara p\u00e5 gr\u00e4nsen till vad vi klarar av.<\/p>\n<cite>\u2665<\/cite><\/blockquote>\n","protected":false},"excerpt":{"rendered":"<p>Ja, b\u00f6cker som den h\u00e4r skulle ju aldrig beh\u00f6va skrivas. Det \u00e4r med blandade k\u00e4nslor jag nu sl\u00e4pper ut denna<\/p>\n<p><a href=\"https:\/\/xn--medhjrtaivrden-9hbv.se\/?page_id=467\" class=\"more-link\">Continue reading<span class=\"screen-reader-text\">tankar om boken<\/span><\/a><\/p>\n","protected":false},"author":1,"featured_media":0,"parent":0,"menu_order":0,"comment_status":"closed","ping_status":"closed","template":"","meta":{"slim_seo":[],"footnotes":""},"class_list":["post-467","page","type-page","status-publish","hentry"],"_links":{"self":[{"href":"https:\/\/xn--medhjrtaivrden-9hbv.se\/index.php?rest_route=\/wp\/v2\/pages\/467","targetHints":{"allow":["GET"]}}],"collection":[{"href":"https:\/\/xn--medhjrtaivrden-9hbv.se\/index.php?rest_route=\/wp\/v2\/pages"}],"about":[{"href":"https:\/\/xn--medhjrtaivrden-9hbv.se\/index.php?rest_route=\/wp\/v2\/types\/page"}],"author":[{"embeddable":true,"href":"https:\/\/xn--medhjrtaivrden-9hbv.se\/index.php?rest_route=\/wp\/v2\/users\/1"}],"replies":[{"embeddable":true,"href":"https:\/\/xn--medhjrtaivrden-9hbv.se\/index.php?rest_route=%2Fwp%2Fv2%2Fcomments&post=467"}],"version-history":[{"count":1,"href":"https:\/\/xn--medhjrtaivrden-9hbv.se\/index.php?rest_route=\/wp\/v2\/pages\/467\/revisions"}],"predecessor-version":[{"id":469,"href":"https:\/\/xn--medhjrtaivrden-9hbv.se\/index.php?rest_route=\/wp\/v2\/pages\/467\/revisions\/469"}],"wp:attachment":[{"href":"https:\/\/xn--medhjrtaivrden-9hbv.se\/index.php?rest_route=%2Fwp%2Fv2%2Fmedia&parent=467"}],"curies":[{"name":"wp","href":"https:\/\/api.w.org\/{rel}","templated":true}]}}